{"id":656,"date":"2020-01-06T11:34:44","date_gmt":"2020-01-06T11:34:44","guid":{"rendered":"http:\/\/fox-lift.eu\/?page_id=656"},"modified":"2020-03-31T19:35:26","modified_gmt":"2020-03-31T19:35:26","slug":"datenschutz","status":"publish","type":"page","link":"https:\/\/www.fox-lift.de\/?page_id=656","title":{"rendered":"Datenschutz"},"content":{"rendered":"<p>[et_pb_section fb_built=&#8220;1&#8243; _builder_version=&#8220;4.0.5&#8243;][et_pb_row _builder_version=&#8220;4.0.5&#8243;][et_pb_column _builder_version=&#8220;4.0.5&#8243; type=&#8220;4_4&#8243;][et_pb_text _builder_version=&#8220;4.0.5&#8243; hover_enabled=&#8220;0&#8243;]<\/p>\n<p>&nbsp;<\/p>\n<p><strong>Datenschutzerkl\u00e4rung<\/strong><\/p>\n<p><strong>\u00a0<\/strong><\/p>\n<ul>\n<li><strong>1 Information \u00fcber die Erhebung personenbezogener Daten<\/strong><\/li>\n<\/ul>\n<p>(1) Im Folgenden informieren wir \u00fcber die Erhebung personenbezogener Daten bei Nutzung unserer Website. Personenbezogene Daten sind alle Daten, die auf Sie pers\u00f6nlich beziehbar sind, z. B. Name, Adresse, E-Mail-Adressen, Nutzerverhalten.<\/p>\n<p>(2) Verantwortlicher gem. Art.\u00a04 Abs.\u00a07 EU-Datenschutz-Grundverordnung (DS-GVO) ist<\/p>\n<p>&nbsp;<\/p>\n<p><strong>FOX-LIFT Elektrotechnik GmbH\u00a0\u00a0<\/strong>\u00a0\u00ae<\/p>\n<p>&nbsp;<\/p>\n<div id=\"positioninwizwardiv\">\u00a0<\/div>\n<p>Gesch\u00e4ftsf\u00fchrer: Dario Michael Lindermeier<\/p>\n<p>&nbsp;<\/p>\n<p>Neufahrnerstr. 14<\/p>\n<p>85375 Neufahrn,Mintraching<\/p>\n<p>Sitz: Neufahrn<\/p>\n<p>Finanzamt Freising<\/p>\n<p>Steuer-Nr.:\u00a0\u00a0115\/126\/70239<\/p>\n<p>Amtsgericht \u2013 Registergericht\u00a0M\u00fcnchen\u00a0\u00a0HRB 227655<\/p>\n<div id=\"impressumoutput\">\n<div class=\"impressum\">\n<p><strong>Kontakt:<\/strong><br \/>Telefon:\u00a049\u00a08165\/9080102<br \/>Fax: +49\u00a08165\/9080103<br \/>E-Mail:\u00a0<a href=\"mailto:info@fox-lift.de\">info@fox-lift.de<\/a><\/p>\n<\/div>\n<\/div>\n<p>&nbsp;<\/p>\n<p>(3) Bei Ihrer Kontaktaufnahme mit uns per E-Mail oder \u00fcber ein Kontaktformular werden die von Ihnen mitgeteilten Daten (Ihre E-Mail-Adresse, ggf. Ihr Name und Ihre Telefonnummer) von uns gespeichert, um Ihre Fragen zu beantworten. Die in diesem Zusammenhang anfallenden Daten l\u00f6schen wir, nachdem die Speicherung nicht mehr erforderlich ist, oder schr\u00e4nken die Verarbeitung ein, falls gesetzliche Aufbewahrungspflichten bestehen.<\/p>\n<p>&nbsp;<\/p>\n<p>(4) Falls wir f\u00fcr einzelne Funktionen unseres Angebots auf beauftragte Dienstleister zur\u00fcckgreifen oder Ihre Daten f\u00fcr werbliche Zwecke nutzen m\u00f6chten, werden wir Sie untenstehend im Detail \u00fcber die jeweiligen Vorg\u00e4nge informieren. Dabei nennen wir auch die festgelegten Kriterien der Speicherdauer.<\/p>\n<p>&nbsp;<\/p>\n<ul>\n<li><strong>2 Ihre Rechte<\/strong><strong> als Nutzer <\/strong><\/li>\n<\/ul>\n<p>Bei Verarbeitung Ihrer personenbezogenen Daten gew\u00e4hrt die DSGVO Ihnen als Webseitennutzer bestimmte Rechte:<\/p>\n<ol>\n<li>Auskunftsrecht (Art. 15 DSGVO):<\/li>\n<\/ol>\n<p>Sie haben das Recht eine Best\u00e4tigung dar\u00fcber zu verlangen, ob Sie betreffende personenbezogene Daten verarbeitet werden; ist dies der Fall, so haben Sie ein Recht auf Auskunft \u00fcber diese personenbezogenen Daten und auf die in Art. 15 DSGVO im einzelnen aufgef\u00fchrten Informationen.<\/p>\n<ol start=\"2\">\n<li>Recht auf Berichtigung und L\u00f6schung (Art. 16 und 17 DSGVO):<\/li>\n<\/ol>\n<p>Sie haben das Recht, unverz\u00fcglich die Berichtigung Sie betreffender unrichtiger personenbezogener Daten und ggf. die Vervollst\u00e4ndigung unvollst\u00e4ndiger personenbezogener Daten zu verlangen.<\/p>\n<p>Sie haben zudem das Recht, zu verlangen, dass Sie betreffende personenbezogene Daten unverz\u00fcglich gel\u00f6scht werden, sofern einer der in Art. 17 DSGVO im einzelnen aufgef\u00fchrten Gr\u00fcnde zutrifft, z. B. wenn die Daten f\u00fcr die verfolgten Zwecke nicht mehr ben\u00f6tigt werden.<\/p>\n<ol start=\"3\">\n<li>Recht auf Einschr\u00e4nkung der Verarbeitung (Art. 18 DSGVO):<\/li>\n<\/ol>\n<p>Sie haben das Recht, die Einschr\u00e4nkung der Verarbeitung zu verlangen, wenn eine der in Art. 18 DSGVO aufgef\u00fchrten Voraussetzungen gegeben ist, z.B. wenn Sie Widerspruch gem\u00e4\u00df Art. 21 DSGVO gegen die Verarbeitung eingelegt haben oder f\u00fcr die Dauer einer etwaigen Pr\u00fcfung, ob unsere berechtigten Interessen gegen\u00fcber Ihren Interessen als betroffene Person \u00fcberwiegen.<\/p>\n<ol start=\"4\">\n<li>Recht auf Daten\u00fcbertragbarkeit (Art. 20 DSGVO):<\/li>\n<\/ol>\n<p>In bestimmten F\u00e4llen, die in Art. 20 DSGVO im Einzelnen aufgef\u00fchrt werden, haben Sie das Recht, die Sie betreffenden personenbezogenen Daten in einem strukturierten, g\u00e4ngigen und maschinenlesbaren Format zu erhalten bzw. die \u00dcbermittlung dieser Daten an einen Dritten zu verlangen.<\/p>\n<ol start=\"5\">\n<li>Widerspruchsrecht (Art. 21 DSGVO): (diesen Absatz inkl. \u00dcberschrift bitte in fette Schrift setzen und \u00dcberschrift unterstreichen)<\/li>\n<\/ol>\n<p>Werden Daten auf Grundlage von Art. 6 Abs. 1 S. 1 lit. f DSGVO (Datenverarbeitung zur Wahrung berechtigter Interessen) oder auf Grundlage von Art. 6 Abs. 1 S. 1 lit. e DSGVO (Datenverarbeitung zur Wahrung \u00f6ffentlichen Interesse oder in Aus\u00fcbung \u00f6ffentlicher Gewalt) erhoben, steht Ihnen das Recht zu, aus Gr\u00fcnden, die sich aus Ihrer besonderen Situation ergeben, jederzeit gegen die Verarbeitung Wider-spruch einzulegen. Wir verarbeiten die personenbezogenen Daten dann nicht mehr, es sei denn, es liegen nachweisbar zwingende schutzw\u00fcrdige Gr\u00fcnde f\u00fcr die Verarbeitung vor, die gegen\u00fcber Ihren Interessen, Rechten und Freiheiten \u00fcberwiegen, oder die Verarbeitung dient der Geltendmachung, Aus\u00fcbung oder Verteidigung von Rechtsanspr\u00fcchen.<\/p>\n<ol start=\"6\">\n<li>Beschwerderecht bei einer Aufsichtsbeh\u00f6rde<\/li>\n<\/ol>\n<p>Sie haben gem. Art. 77 DSGVO das Recht auf Beschwerde bei einer Aufsichtsbeh\u00f6rde, wenn Sie der Ansicht sind, dass die Verarbeitung der Sie betreffenden Daten gegen datenschutzrechtliche Bestimmungen verst\u00f6\u00dft. Das Beschwerderecht kann insbesondere bei einer Aufsichtsbeh\u00f6rde in dem Mitgliedstaat Ihres Aufenthaltsorts, Ihres Arbeitsplatzes oder des Orts des mutma\u00dflichen Versto\u00dfes geltend gemacht werden.&#8220;<\/p>\n<p><strong>\u00a0<\/strong><\/p>\n<ul>\n<li><strong>3 Erhebung personenbezogener Daten bei Besuch unserer Website<\/strong><\/li>\n<\/ul>\n<p>(1) Bei der blo\u00df informatorischen Nutzung der Website, also wenn Sie sich nicht registrieren oder uns anderweitig Informationen \u00fcbermitteln, erheben wir nur die personenbezogenen Daten, die Ihr Browser an unseren Server \u00fcbermittelt. Wenn Sie unsere Website betrachten m\u00f6chten, erheben wir die folgenden Daten, die f\u00fcr uns technisch erforderlich sind, um Ihnen unsere Website anzuzeigen und die Stabilit\u00e4t und Sicherheit zu gew\u00e4hrleisten (Rechtsgrundlage ist Art.\u00a06 Abs.\u00a01 S.\u00a01 lit. f DS-GVO):<\/p>\n<p>\u2013\u00a0\u00a0 IP-Adresse<\/p>\n<p>\u2013\u00a0\u00a0 Datum und Uhrzeit der Anfrage<\/p>\n<p>\u2013\u00a0\u00a0 Zeitzonendifferenz zur Greenwich Mean Time (GMT)<\/p>\n<p>\u2013\u00a0\u00a0 Inhalt der Anforderung (konkrete Seite)<\/p>\n<p>\u2013\u00a0\u00a0 Zugriffsstatus\/HTTP-Statuscode<\/p>\n<p>\u2013\u00a0\u00a0 jeweils \u00fcbertragene Datenmenge<\/p>\n<p>\u2013\u00a0\u00a0 Website, von der die Anforderung kommt<\/p>\n<p>\u2013\u00a0\u00a0 Browser<\/p>\n<p>\u2013\u00a0\u00a0 Betriebssystem und dessen Oberfl\u00e4che<\/p>\n<p>\u2013\u00a0\u00a0 Sprache und Version der Browsersoftware.<\/p>\n<p>(2) Zus\u00e4tzlich zu den zuvor genannten Daten werden bei Ihrer Nutzung unserer Website Cookies auf Ihrem Rechner gespeichert. Bei Cookies handelt es sich um kleine Textdateien, die auf Ihrer Festplatte dem von Ihnen verwendeten Browser zugeordnet gespeichert werden und durch welche der Stelle, die den Cookie setzt (hier durch uns), bestimmte Informationen zuflie\u00dfen. Cookies k\u00f6nnen keine Programme ausf\u00fchren oder Viren auf Ihren Computer \u00fcbertragen. Sie dienen dazu, das Internetangebot insgesamt nutzerfreundlicher und effektiver zu machen.<\/p>\n<p>(3) Datenverarbeitung bei Nutzung des Kontaktformular<\/p>\n<p>Sie haben die M\u00f6glichkeit, uns \u00fcber unser Kontaktformular eine Anfrage zukommen zu lassen.<\/p>\n<p>&nbsp;<\/p>\n<p><u>Nutzung des Kontaktformulars<\/u><\/p>\n<p>Nutzen Sie diese M\u00f6glichkeit, werden lediglich diejenigen personenbezogenen Daten erhoben, die von Ihnen im Rahmen Ihrer Anfrage zur Verf\u00fcgung gestellt werden. Wobei die Angabe Ihrer E-Mail-Adresse und Ihres Nachnamens erforderliche Angaben darstellen, ohne die ein Absenden Ihrer Anfrage an uns leider nicht m\u00f6glich ist.<\/p>\n<p>Gern k\u00f6nnen Sie uns auch Ihren Vornamen und oder die Anrede (Frau\/Herr) mitteilen, damit wir Sie in unserer Antwort korrekt ansprechen k\u00f6nnen.<\/p>\n<p>&nbsp;<\/p>\n<p><u>Datenverarbeitung<\/u><\/p>\n<p>Die Verarbeitung Ihrer Daten, die Sie im Rahmen Ihrer Anfrage \u00fcber unser Kontaktformular zur Verf\u00fcgung stellen, erfolgt aufgrund der Einwilligung zur Verarbeitung, die Sie uns mit der Zusendung Ihrer Anfrage erteilen.<\/p>\n<p>Diese Einwilligung k\u00f6nnen Sie jederzeit mit Wirkung f\u00fcr die Zukunft widerrufen. Ihr Widerruf f\u00fchrt nicht dazu, dass die Rechtm\u00e4\u00dfigkeit der Verarbeitung Ihrer personenbezogenen Daten bis zu Ihrem Widerruf entf\u00e4llt.<\/p>\n<p>F\u00fcr den Fall, dass in Folge der Kontaktaufnahme ein Vertrag zwischen uns Ihnen zustande kommen sollte, beruht die Datenspeicherung auf Vertrag bzw. auf erforderlichen vorvertraglichen Ma\u00dfnahmen.<\/p>\n<p>&nbsp;<\/p>\n<p><u>Speicherdauer<\/u><\/p>\n<p>Die Daten, die wir \u00fcber das Kontaktformular von Ihnen erhalten, speichern wir bis zur vollst\u00e4ndigen Bearbeitung Ihrer Anfrage. Vorbehaltlich Ihrer Einwilligung zur Speicherung Ihrer Daten zu weiteren Zwecken<\/p>\n<p>l\u00f6schen wir Ihre Daten nach Abschluss der Bearbeitung Ihrer Anfrage, sofern nicht aufgrund der Kontaktaufnahme ein Vertragsverh\u00e4ltnis zwischen uns zustande gekommen ist. In diesem Fall speichern wir die Daten, soweit erforderlich, bis zum Ablauf der handels- und steuerrechtlichen Aufbewahrungsfristen.<\/p>\n<p>&nbsp;<\/p>\n<p><strong><u>Widerrufsrecht der Einwilligung<\/u><\/strong><\/p>\n<p><strong>Zur Aus\u00fcbung Ihres Widerrufsrechts schreiben Sie uns einfach eine kurze E-Mail oder w\u00e4hlen Sie eine andere Form der Kontaktaufnahme. Die Kontaktdaten finden Sie in unserem Impressum bzw. zu Beginn dieser Erkl\u00e4rung.<\/strong><\/p>\n<p>&nbsp;<\/p>\n<p>(4) SSL- bzw. TLS-Verschl\u00fcsselung<\/p>\n<p>Wir nutzen auf unseren Webseiten, \u00fcber die personenbezogene Daten eingegeben werden k\u00f6nnen (insbesondere Kontakformular etc.), die Verschl\u00fcsselungstechnik TLS oder SSL. Hierbei handelt es sich um ein Protokoll zur Verschl\u00fcsselung von Daten\u00fcbertragungen, um den unberechtigten Zugriff Dritter auf Ihre personenbezogenen Daten zu verhindern. Sie erkennen die Verschl\u00fcsselung an der Bezeichnung \u201ehttps:\/\/\u201c.<\/p>\n<p>(5) Einsatz von Cookies:<\/p>\n<ol>\n<li>a) Diese Website nutzt folgende Arten von Cookies, deren Umfang und Funktionsweise im Folgenden erl\u00e4utert werden:<\/li>\n<\/ol>\n<p>\u2013\u00a0\u00a0 Transiente Cookies (dazu b)<\/p>\n<p>\u2013\u00a0\u00a0 Persistente Cookies (dazu c).<\/p>\n<ol>\n<li>b) Transiente Cookies werden automatisiert gel\u00f6scht, wenn Sie den Browser schlie\u00dfen. Dazu z\u00e4hlen insbesondere die Session-Cookies. Diese speichern eine sogenannte Session-ID, mit welcher sich verschiedene Anfragen Ihres Browsers der gemeinsamen Sitzung zuordnen lassen. Dadurch kann Ihr Rechner wiedererkannt werden, wenn Sie auf unsere Website zur\u00fcckkehren. Die Session-Cookies werden gel\u00f6scht, wenn Sie sich ausloggen oder den Browser schlie\u00dfen.<\/li>\n<li>c) Persistente Cookies werden automatisiert nach einer vorgegebenen Dauer gel\u00f6scht, die sich je nach Cookie unterscheiden kann. Sie k\u00f6nnen die Cookies in den Sicherheitseinstellungen Ihres Browsers jederzeit l\u00f6schen.<\/li>\n<li>d) Sie k\u00f6nnen Ihre Browser-Einstellung entsprechend Ihren W\u00fcnschen konfigurieren und z. B. die Annahme von Third-Party-Cookies oder allen Cookies ablehnen. Wir weisen Sie darauf hin, dass Sie eventuell nicht alle Funktionen dieser Website nutzen k\u00f6nnen.<\/li>\n<\/ol>\n<p>&nbsp;<\/p>\n<p>(6) Google Webfonts:<\/p>\n<p>(1) Wir nutzen auf unseren Webseiten sog. Webfonts, um die Inhalte auf unseren Webseiten browser\u00fcbergreifend ansprechend, korrekt und einheitlich anzuzeigen. Die ansprechende und korrekte Darstellung unserer Inhalte stellt ein berechtigtes Interesse dar.<\/p>\n<p>Bei den von uns verwendeten Webfonts handelt es sich um Google Webfonts der Google LLC (Google), Amphitheatre Parkway, Mountain View, CA 94043, USA,<\/p>\n<p>Als Font wird allgemein ein auf einem Endger\u00e4t oder der diesem angeschlossenen Umgebung befindliche Schrift bezeichnet. Webfonts erm\u00f6glichen es dabei, Schriftarten zu nutzen, die nicht auf dem PC des Besuchers unserer Seite bzw. dem Ger\u00e4t, mit dem unsere Seite besucht wird, hinterlegt sind.<\/p>\n<p>&nbsp;<\/p>\n<p>(2) Die auf der von Ihnen aufgerufenen Webseite genutzten Fonts werden bei Aufruf dieser Seite von Ihrem Browser in Ihren Browsercache geladen, so dass die Inhalte (Texte und Schriftzeichen) korrekt angezeigt werden. Hierbei nimmt der von Ihnen verwendete Browser Verbindung mit den Servern von Google auf. Im Rahmen dieser Verbindung zwischen Ihrem Browser und Google erh\u00e4lt Google Kenntnis dar\u00fcber, dass Ihre IP-Adresse auf unsere Webseite zugegriffen hat. Gem\u00e4\u00df der Darstellung von Google erfolgt jedoch keine Zusammenf\u00fchrung von anderweitig bekannten personenbezogenen Daten (z.B. wenn Sie im Zeitpunkt des Aufrufes unserer Webseite bei Ihrem Google-Konto angemeldet sind) und dem Umstand, dass Ihre IP-Adresse mit Aufruf einer Webseite an Google \u00fcbermittelt wird.<\/p>\n<p>Die CSS (Cascading Style Sheets \u2013 eine Programmier- bzw. Stylesheetsprache, mit der den Inhalten auf unserer Seite ihr Aussehen verliehen wird, bspw. die Farbdarstellung einzelner Worte oder Abs\u00e4tze), werden laut Google 24 Stunden im Cache gespeichert.<\/p>\n<p>Die Fontdateien selbst werden, laut Google, f\u00fcr ein Jahr im Cache gespeichert.<\/p>\n<p>N\u00e4here Informationen zur Datenspeicherung und zu Google Webfonts\u00a0 finden Sie unter nachfolgendem Link: https:\/\/developers.google.com\/fonts\/faq.<\/p>\n<p>Weitergehende Information zur Datennutzung durch Google erhalten Sie hier: https:\/\/policies.google.com\/privacy?hl=de.<\/p>\n<p>&nbsp;<\/p>\n<p>Unterst\u00fctzt Ihr Browser Google Webfonts nicht oder wird der Zugriff unterbunden, so werden die Inhalte in einer Standartschrift, die auf dem von Ihnen genutzten Endger\u00e4t hinterlegt ist, angezeigt.<\/p>\n<p>&nbsp;<\/p>\n<p>&nbsp;<\/p>\n<p>[\/et_pb_text][\/et_pb_column][\/et_pb_row][\/et_pb_section]<\/p>\n","protected":false},"excerpt":{"rendered":"<p>&nbsp; Datenschutzerkl\u00e4rung \u00a0 1 Information \u00fcber die Erhebung personenbezogener Daten (1) Im Folgenden informieren wir \u00fcber die Erhebung personenbezogener Daten bei Nutzung unserer Website. Personenbezogene Daten sind alle Daten, die auf Sie pers\u00f6nlich beziehbar sind, z. B. Name, Adresse, E-Mail-Adressen, Nutzerverhalten. (2) Verantwortlicher gem. Art.\u00a04 Abs.\u00a07 EU-Datenschutz-Grundverordnung (DS-GVO) ist &nbsp; FOX-LIFT Elektrotechnik GmbH\u00a0\u00a0\u00a0\u00ae &nbsp; \u00a0 [&hellip;]<\/p>\n","protected":false},"author":1,"featured_media":0,"parent":0,"menu_order":8,"comment_status":"closed","ping_status":"closed","template":"","meta":{"_et_pb_use_builder":"on","_et_pb_old_content":"","_et_gb_content_width":"","footnotes":""},"jetpack_sharing_enabled":true,"_links":{"self":[{"href":"https:\/\/www.fox-lift.de\/index.php?rest_route=\/wp\/v2\/pages\/656"}],"collection":[{"href":"https:\/\/www.fox-lift.de\/index.php?rest_route=\/wp\/v2\/pages"}],"about":[{"href":"https:\/\/www.fox-lift.de\/index.php?rest_route=\/wp\/v2\/types\/page"}],"author":[{"embeddable":true,"href":"https:\/\/www.fox-lift.de\/index.php?rest_route=\/wp\/v2\/users\/1"}],"replies":[{"embeddable":true,"href":"https:\/\/www.fox-lift.de\/index.php?rest_route=%2Fwp%2Fv2%2Fcomments&post=656"}],"version-history":[{"count":2,"href":"https:\/\/www.fox-lift.de\/index.php?rest_route=\/wp\/v2\/pages\/656\/revisions"}],"predecessor-version":[{"id":900,"href":"https:\/\/www.fox-lift.de\/index.php?rest_route=\/wp\/v2\/pages\/656\/revisions\/900"}],"wp:attachment":[{"href":"https:\/\/www.fox-lift.de\/index.php?rest_route=%2Fwp%2Fv2%2Fmedia&parent=656"}],"curies":[{"name":"wp","href":"https:\/\/api.w.org\/{rel}","templated":true}]}}